{"id":11,"date":"2021-05-20T08:37:01","date_gmt":"2021-05-20T06:37:01","guid":{"rendered":"https:\/\/amgliquids.eu\/de\/?page_id=11"},"modified":"2021-05-20T17:41:53","modified_gmt":"2021-05-20T15:41:53","slug":"flexitanki","status":"publish","type":"page","link":"https:\/\/amgliquids.eu\/de\/firmenangebot\/flexitanki\/","title":{"rendered":"Flexitanks"},"content":{"rendered":"<p>In Rahmen unserer Leistungen bieten wir Ihnen die Beladung von fl\u00fcssigen Produkten im Flexitank an.<\/p>\n<p>Wir beladen Flexitanks in Polen, mit Dienstleistung \u201dDoor to Door\u201d. Wir benutzen B\u1f52scherhoff- Flexitanks, mit einer Ladekapazit\u00e4t von 24.000 &#8211; 26.000 l., ziemlich simpel von unten zu entladen mittels 3 Zoll lang Ventil.<\/p>\n<p>Der Preis beinhaltet:<\/p>\n<ul>\n<li>flexibag,<\/li>\n<li>Seefracht,<\/li>\n<li>Technische \u00dcberpr\u00fcfung, ob der leere Container die richtigen Voraussetzungen f\u00fcr Flexitankshersteller,<\/li>\n<li>Montage der Flexitanks im Container,<\/li>\n<li>Beladung und Kontrolle in der Fabrik,<\/li>\n<li>Containertransport: Hafen &#8211; Beladungsstelle &#8211; Hafen,<\/li>\n<li>Hafent\u00e4tigkeiten von leeren und beladenen Container am Terminal.<\/li>\n<\/ul>\n<p>Au\u03b2erdem:<\/p>\n<ul>\n<li>Im Preis sind alle Hafengeb\u00fchren angerechnet,<\/li>\n<li>Alle Kosten im Entladungshafen werden vom Abnehmer gedeckt.<\/li>\n<\/ul>\n<p>Wir bem\u00fchen uns um 21 Tage ohne \u00dcberliegegeld im Empfangshafen<\/p>\n","protected":false},"excerpt":{"rendered":"<p>In Rahmen unserer Leistungen bieten wir Ihnen die Beladung von fl\u00fcssigen Produkten im Flexitank an. Wir beladen Flexitanks in Polen, mit Dienstleistung \u201dDoor to Door\u201d. Wir benutzen B\u1f52scherhoff- Flexitanks, mit einer Ladekapazit\u00e4t von 24.000 &#8211; 26.000 l., ziemlich simpel von&#8230;<\/p>\n","protected":false},"author":1,"featured_media":53,"parent":50,"menu_order":0,"comment_status":"closed","ping_status":"closed","template":"","meta":{"footnotes":""},"class_list":["post-11","page","type-page","status-publish","has-post-thumbnail","hentry"],"yoast_head":"<!-- This site is optimized with the Yoast SEO plugin v20.11 - https:\/\/yoast.com\/wordpress\/plugins\/seo\/ -->\n<title>Flexitanks - AMG Liquids<\/title>\n<meta name=\"robots\" content=\"index, follow, max-snippet:-1, max-image-preview:large, max-video-preview:-1\" \/>\n<link rel=\"canonical\" href=\"https:\/\/amgliquids.eu\/de\/firmenangebot\/flexitanki\/\" \/>\n<meta property=\"og:locale\" content=\"pl_PL\" \/>\n<meta property=\"og:type\" content=\"article\" \/>\n<meta property=\"og:title\" content=\"Flexitanks - AMG Liquids\" \/>\n<meta property=\"og:description\" content=\"In Rahmen unserer Leistungen bieten wir Ihnen die Beladung von fl\u00fcssigen Produkten im Flexitank an. Wir beladen Flexitanks in Polen, mit Dienstleistung \u201dDoor to Door\u201d. Wir benutzen B\u1f52scherhoff- Flexitanks, mit einer Ladekapazit\u00e4t von 24.000 &#8211; 26.000 l., ziemlich simpel von...\" \/>\n<meta property=\"og:url\" content=\"https:\/\/amgliquids.eu\/de\/firmenangebot\/flexitanki\/\" \/>\n<meta property=\"og:site_name\" content=\"AMG Liquids\" \/>\n<meta property=\"article:modified_time\" content=\"2021-05-20T15:41:53+00:00\" \/>\n<meta property=\"og:image\" content=\"https:\/\/amgliquids.eu\/de\/wp-content\/uploads\/2021\/05\/website-wsi-icon-flexitank-570x310-1.jpg\" \/>\n\t<meta property=\"og:image:width\" content=\"570\" \/>\n\t<meta property=\"og:image:height\" content=\"310\" \/>\n\t<meta property=\"og:image:type\" content=\"image\/jpeg\" \/>\n<meta name=\"twitter:card\" content=\"summary_large_image\" \/>\n<meta name=\"twitter:label1\" content=\"Szacowany czas czytania\" \/>\n\t<meta name=\"twitter:data1\" content=\"1 minuta\" \/>\n<script type=\"application\/ld+json\" class=\"yoast-schema-graph\">{\"@context\":\"https:\/\/schema.org\",\"@graph\":[{\"@type\":\"WebPage\",\"@id\":\"https:\/\/amgliquids.eu\/de\/firmenangebot\/flexitanki\/\",\"url\":\"https:\/\/amgliquids.eu\/de\/firmenangebot\/flexitanki\/\",\"name\":\"Flexitanks - AMG Liquids\",\"isPartOf\":{\"@id\":\"https:\/\/amgliquids.eu\/de\/#website\"},\"datePublished\":\"2021-05-20T06:37:01+00:00\",\"dateModified\":\"2021-05-20T15:41:53+00:00\",\"breadcrumb\":{\"@id\":\"https:\/\/amgliquids.eu\/de\/firmenangebot\/flexitanki\/#breadcrumb\"},\"inLanguage\":\"pl-PL\",\"potentialAction\":[{\"@type\":\"ReadAction\",\"target\":[\"https:\/\/amgliquids.eu\/de\/firmenangebot\/flexitanki\/\"]}]},{\"@type\":\"BreadcrumbList\",\"@id\":\"https:\/\/amgliquids.eu\/de\/firmenangebot\/flexitanki\/#breadcrumb\",\"itemListElement\":[{\"@type\":\"ListItem\",\"position\":1,\"name\":\"Firmenangebot\",\"item\":\"https:\/\/amgliquids.eu\/de\/firmenangebot\/\"},{\"@type\":\"ListItem\",\"position\":2,\"name\":\"Flexitanks\"}]},{\"@type\":\"WebSite\",\"@id\":\"https:\/\/amgliquids.eu\/de\/#website\",\"url\":\"https:\/\/amgliquids.eu\/de\/\",\"name\":\"AMG Liquids\",\"description\":\"\",\"potentialAction\":[{\"@type\":\"SearchAction\",\"target\":{\"@type\":\"EntryPoint\",\"urlTemplate\":\"https:\/\/amgliquids.eu\/de\/?s={search_term_string}\"},\"query-input\":\"required name=search_term_string\"}],\"inLanguage\":\"pl-PL\"}]}<\/script>\n<!-- \/ Yoast SEO plugin. -->","yoast_head_json":{"title":"Flexitanks - AMG Liquids","robots":{"index":"index","follow":"follow","max-snippet":"max-snippet:-1","max-image-preview":"max-image-preview:large","max-video-preview":"max-video-preview:-1"},"canonical":"https:\/\/amgliquids.eu\/de\/firmenangebot\/flexitanki\/","og_locale":"pl_PL","og_type":"article","og_title":"Flexitanks - AMG Liquids","og_description":"In Rahmen unserer Leistungen bieten wir Ihnen die Beladung von fl\u00fcssigen Produkten im Flexitank an. Wir beladen Flexitanks in Polen, mit Dienstleistung \u201dDoor to Door\u201d. Wir benutzen B\u1f52scherhoff- Flexitanks, mit einer Ladekapazit\u00e4t von 24.000 &#8211; 26.000 l., ziemlich simpel von...","og_url":"https:\/\/amgliquids.eu\/de\/firmenangebot\/flexitanki\/","og_site_name":"AMG Liquids","article_modified_time":"2021-05-20T15:41:53+00:00","og_image":[{"width":570,"height":310,"url":"https:\/\/amgliquids.eu\/de\/wp-content\/uploads\/2021\/05\/website-wsi-icon-flexitank-570x310-1.jpg","type":"image\/jpeg"}],"twitter_card":"summary_large_image","twitter_misc":{"Szacowany czas czytania":"1 minuta"},"schema":{"@context":"https:\/\/schema.org","@graph":[{"@type":"WebPage","@id":"https:\/\/amgliquids.eu\/de\/firmenangebot\/flexitanki\/","url":"https:\/\/amgliquids.eu\/de\/firmenangebot\/flexitanki\/","name":"Flexitanks - AMG Liquids","isPartOf":{"@id":"https:\/\/amgliquids.eu\/de\/#website"},"datePublished":"2021-05-20T06:37:01+00:00","dateModified":"2021-05-20T15:41:53+00:00","breadcrumb":{"@id":"https:\/\/amgliquids.eu\/de\/firmenangebot\/flexitanki\/#breadcrumb"},"inLanguage":"pl-PL","potentialAction":[{"@type":"ReadAction","target":["https:\/\/amgliquids.eu\/de\/firmenangebot\/flexitanki\/"]}]},{"@type":"BreadcrumbList","@id":"https:\/\/amgliquids.eu\/de\/firmenangebot\/flexitanki\/#breadcrumb","itemListElement":[{"@type":"ListItem","position":1,"name":"Firmenangebot","item":"https:\/\/amgliquids.eu\/de\/firmenangebot\/"},{"@type":"ListItem","position":2,"name":"Flexitanks"}]},{"@type":"WebSite","@id":"https:\/\/amgliquids.eu\/de\/#website","url":"https:\/\/amgliquids.eu\/de\/","name":"AMG Liquids","description":"","potentialAction":[{"@type":"SearchAction","target":{"@type":"EntryPoint","urlTemplate":"https:\/\/amgliquids.eu\/de\/?s={search_term_string}"},"query-input":"required name=search_term_string"}],"inLanguage":"pl-PL"}]}},"_links":{"self":[{"href":"https:\/\/amgliquids.eu\/de\/wp-json\/wp\/v2\/pages\/11","targetHints":{"allow":["GET"]}}],"collection":[{"href":"https:\/\/amgliquids.eu\/de\/wp-json\/wp\/v2\/pages"}],"about":[{"href":"https:\/\/amgliquids.eu\/de\/wp-json\/wp\/v2\/types\/page"}],"author":[{"embeddable":true,"href":"https:\/\/amgliquids.eu\/de\/wp-json\/wp\/v2\/users\/1"}],"replies":[{"embeddable":true,"href":"https:\/\/amgliquids.eu\/de\/wp-json\/wp\/v2\/comments?post=11"}],"version-history":[{"count":3,"href":"https:\/\/amgliquids.eu\/de\/wp-json\/wp\/v2\/pages\/11\/revisions"}],"predecessor-version":[{"id":109,"href":"https:\/\/amgliquids.eu\/de\/wp-json\/wp\/v2\/pages\/11\/revisions\/109"}],"up":[{"embeddable":true,"href":"https:\/\/amgliquids.eu\/de\/wp-json\/wp\/v2\/pages\/50"}],"wp:featuredmedia":[{"embeddable":true,"href":"https:\/\/amgliquids.eu\/de\/wp-json\/wp\/v2\/media\/53"}],"wp:attachment":[{"href":"https:\/\/amgliquids.eu\/de\/wp-json\/wp\/v2\/media?parent=11"}],"curies":[{"name":"wp","href":"https:\/\/api.w.org\/{rel}","templated":true}]}}